{"id":128,"date":"2025-04-10T15:38:26","date_gmt":"2025-04-10T13:38:26","guid":{"rendered":"https:\/\/designigel.com\/alegant\/?page_id=128"},"modified":"2025-06-01T17:41:00","modified_gmt":"2025-06-01T15:41:00","slug":"zwei","status":"publish","type":"page","link":"https:\/\/designigel.com\/alegant\/zwei\/","title":{"rendered":"Grundwissen + Pers\u00f6nliche Tips"},"content":{"rendered":"\t\t<div data-elementor-type=\"wp-page\" data-elementor-id=\"128\" class=\"elementor elementor-128\">\n\t\t\t\t\t\t<section class=\"elementor-section elementor-top-section elementor-element elementor-element-0a1caeb elementor-section-boxed elementor-section-height-default elementor-section-height-default\" data-id=\"0a1caeb\" data-element_type=\"section\" data-e-type=\"section\">\n\t\t\t\t\t\t<div class=\"elementor-container elementor-column-gap-default\">\n\t\t\t\t\t<div class=\"elementor-column elementor-col-33 elementor-top-column elementor-element elementor-element-8bd8f2e\" data-id=\"8bd8f2e\" data-element_type=\"column\" data-e-type=\"column\">\n\t\t\t<div class=\"elementor-widget-wrap elementor-element-populated\">\n\t\t\t\t\t\t<div class=\"elementor-element elementor-element-c415bf4 elementor-widget elementor-widget-image\" data-id=\"c415bf4\" data-element_type=\"widget\" data-e-type=\"widget\" data-widget_type=\"image.default\">\n\t\t\t\t<div class=\"elementor-widget-container\">\n\t\t\t\t\t\t\t\t\t\t\t\t\t\t\t<img fetchpriority=\"high\" decoding=\"async\" width=\"768\" height=\"1011\" src=\"https:\/\/designigel.com\/alegant\/wp-content\/uploads\/sites\/50\/2025\/06\/IMG_3588-e1748792192156-768x1011.png\" class=\"attachment-medium_large size-medium_large wp-image-279\" alt=\"\" srcset=\"https:\/\/designigel.com\/alegant\/wp-content\/uploads\/sites\/50\/2025\/06\/IMG_3588-e1748792192156-768x1011.png 768w, https:\/\/designigel.com\/alegant\/wp-content\/uploads\/sites\/50\/2025\/06\/IMG_3588-e1748792192156-228x300.png 228w, https:\/\/designigel.com\/alegant\/wp-content\/uploads\/sites\/50\/2025\/06\/IMG_3588-e1748792192156-778x1024.png 778w, https:\/\/designigel.com\/alegant\/wp-content\/uploads\/sites\/50\/2025\/06\/IMG_3588-e1748792192156-1167x1536.png 1167w, https:\/\/designigel.com\/alegant\/wp-content\/uploads\/sites\/50\/2025\/06\/IMG_3588-e1748792192156.png 1170w\" sizes=\"(max-width: 768px) 100vw, 768px\" \/>\t\t\t\t\t\t\t\t\t\t\t\t\t\t\t<\/div>\n\t\t\t\t<\/div>\n\t\t\t\t\t<\/div>\n\t\t<\/div>\n\t\t\t\t<div class=\"elementor-column elementor-col-33 elementor-top-column elementor-element elementor-element-caa9c52\" data-id=\"caa9c52\" data-element_type=\"column\" data-e-type=\"column\">\n\t\t\t<div class=\"elementor-widget-wrap elementor-element-populated\">\n\t\t\t\t\t\t<div class=\"elementor-element elementor-element-fb62036 elementor-widget elementor-widget-image\" data-id=\"fb62036\" data-element_type=\"widget\" data-e-type=\"widget\" data-widget_type=\"image.default\">\n\t\t\t\t<div class=\"elementor-widget-container\">\n\t\t\t\t\t\t\t\t\t\t\t\t\t\t\t<img decoding=\"async\" width=\"780\" height=\"1024\" src=\"https:\/\/designigel.com\/alegant\/wp-content\/uploads\/sites\/50\/2025\/06\/IMG_3585-e1748792269974-780x1024.png\" class=\"attachment-large size-large wp-image-280\" alt=\"\" srcset=\"https:\/\/designigel.com\/alegant\/wp-content\/uploads\/sites\/50\/2025\/06\/IMG_3585-e1748792269974-780x1024.png 780w, https:\/\/designigel.com\/alegant\/wp-content\/uploads\/sites\/50\/2025\/06\/IMG_3585-e1748792269974-229x300.png 229w, https:\/\/designigel.com\/alegant\/wp-content\/uploads\/sites\/50\/2025\/06\/IMG_3585-e1748792269974-768x1008.png 768w, https:\/\/designigel.com\/alegant\/wp-content\/uploads\/sites\/50\/2025\/06\/IMG_3585-e1748792269974.png 1170w\" sizes=\"(max-width: 780px) 100vw, 780px\" \/>\t\t\t\t\t\t\t\t\t\t\t\t\t\t\t<\/div>\n\t\t\t\t<\/div>\n\t\t\t\t\t<\/div>\n\t\t<\/div>\n\t\t\t\t<div class=\"elementor-column elementor-col-33 elementor-top-column elementor-element elementor-element-e1a1efe\" data-id=\"e1a1efe\" data-element_type=\"column\" data-e-type=\"column\">\n\t\t\t<div class=\"elementor-widget-wrap elementor-element-populated\">\n\t\t\t\t\t\t<div class=\"elementor-element elementor-element-a04d0ff elementor-widget elementor-widget-image\" data-id=\"a04d0ff\" data-element_type=\"widget\" data-e-type=\"widget\" data-widget_type=\"image.default\">\n\t\t\t\t<div class=\"elementor-widget-container\">\n\t\t\t\t\t\t\t\t\t\t\t\t\t\t\t<img decoding=\"async\" width=\"771\" height=\"1024\" src=\"https:\/\/designigel.com\/alegant\/wp-content\/uploads\/sites\/50\/2025\/06\/IMG_3592-e1748792337873-771x1024.png\" class=\"attachment-large size-large wp-image-282\" alt=\"\" srcset=\"https:\/\/designigel.com\/alegant\/wp-content\/uploads\/sites\/50\/2025\/06\/IMG_3592-e1748792337873-771x1024.png 771w, https:\/\/designigel.com\/alegant\/wp-content\/uploads\/sites\/50\/2025\/06\/IMG_3592-e1748792337873-226x300.png 226w, https:\/\/designigel.com\/alegant\/wp-content\/uploads\/sites\/50\/2025\/06\/IMG_3592-e1748792337873-768x1019.png 768w, https:\/\/designigel.com\/alegant\/wp-content\/uploads\/sites\/50\/2025\/06\/IMG_3592-e1748792337873-1157x1536.png 1157w, https:\/\/designigel.com\/alegant\/wp-content\/uploads\/sites\/50\/2025\/06\/IMG_3592-e1748792337873.png 1170w\" sizes=\"(max-width: 771px) 100vw, 771px\" \/>\t\t\t\t\t\t\t\t\t\t\t\t\t\t\t<\/div>\n\t\t\t\t<\/div>\n\t\t\t\t\t<\/div>\n\t\t<\/div>\n\t\t\t\t\t<\/div>\n\t\t<\/section>\n\t\t\t\t<section class=\"elementor-section elementor-top-section elementor-element elementor-element-6d25dc3 elementor-section-boxed elementor-section-height-default elementor-section-height-default\" data-id=\"6d25dc3\" data-element_type=\"section\" data-e-type=\"section\">\n\t\t\t\t\t\t<div class=\"elementor-container elementor-column-gap-default\">\n\t\t\t\t\t<div class=\"elementor-column elementor-col-100 elementor-top-column elementor-element elementor-element-df2909a\" data-id=\"df2909a\" data-element_type=\"column\" data-e-type=\"column\">\n\t\t\t<div class=\"elementor-widget-wrap elementor-element-populated\">\n\t\t\t\t\t\t<div class=\"elementor-element elementor-element-95bfcec elementor-widget-divider--separator-type-pattern elementor-widget-divider--no-spacing elementor-widget-divider--view-line elementor-widget elementor-widget-divider\" data-id=\"95bfcec\" data-element_type=\"widget\" data-e-type=\"widget\" data-widget_type=\"divider.default\">\n\t\t\t\t<div class=\"elementor-widget-container\">\n\t\t\t\t\t\t\t<div class=\"elementor-divider\" style=\"--divider-pattern-url: url(&quot;data:image\/svg+xml,%3Csvg xmlns=&#039;http:\/\/www.w3.org\/2000\/svg&#039; preserveAspectRatio=&#039;xMidYMid meet&#039; overflow=&#039;visible&#039; height=&#039;100%&#039; viewBox=&#039;0 0 126 26&#039; fill=&#039;black&#039; stroke=&#039;none&#039;%3E%3Cpath d=&#039;M3,10.2c2.6,0,2.6,2,2.6,3.2S4.4,16.5,3,16.5s-3-1.4-3-3.2S0.4,10.2,3,10.2z M18.8,10.2c1.7,0,3.2,1.4,3.2,3.2s-1.4,3.2-3.2,3.2c-1.7,0-3.2-1.4-3.2-3.2S17,10.2,18.8,10.2z M34.6,10.2c1.5,0,2.6,1.4,2.6,3.2s-0.5,3.2-1.9,3.2c-1.5,0-3.4-1.4-3.4-3.2S33.1,10.2,34.6,10.2z M50.5,10.2c1.7,0,3.2,1.4,3.2,3.2s-1.4,3.2-3.2,3.2c-1.7,0-3.3-0.9-3.3-2.6S48.7,10.2,50.5,10.2z M66.2,10.2c1.5,0,3.4,1.4,3.4,3.2s-1.9,3.2-3.4,3.2c-1.5,0-2.6-0.4-2.6-2.1S64.8,10.2,66.2,10.2z M82.2,10.2c1.7,0.8,2.6,1.4,2.6,3.2s-0.1,3.2-1.6,3.2c-1.5,0-3.7-1.4-3.7-3.2S80.5,9.4,82.2,10.2zM98.6,10.2c1.5,0,2.6,0.4,2.6,2.1s-1.2,4.2-2.6,4.2c-1.5,0-3.7-0.4-3.7-2.1S97.1,10.2,98.6,10.2z M113.4,10.2c1.2,0,2.2,0.9,2.2,3.2s-0.1,3.2-1.3,3.2s-3.1-1.4-3.1-3.2S112.2,10.2,113.4,10.2z&#039;\/%3E%3C\/svg%3E&quot;);\">\n\t\t\t<span class=\"elementor-divider-separator\">\n\t\t\t\t\t\t<\/span>\n\t\t<\/div>\n\t\t\t\t\t\t<\/div>\n\t\t\t\t<\/div>\n\t\t\t\t\t<\/div>\n\t\t<\/div>\n\t\t\t\t\t<\/div>\n\t\t<\/section>\n\t\t\t\t<section class=\"elementor-section elementor-top-section elementor-element elementor-element-449b10f elementor-section-boxed elementor-section-height-default elementor-section-height-default\" data-id=\"449b10f\" data-element_type=\"section\" data-e-type=\"section\">\n\t\t\t\t\t\t<div class=\"elementor-container elementor-column-gap-default\">\n\t\t\t\t\t<div class=\"elementor-column elementor-col-100 elementor-top-column elementor-element elementor-element-8b51751\" data-id=\"8b51751\" data-element_type=\"column\" data-e-type=\"column\">\n\t\t\t<div class=\"elementor-widget-wrap elementor-element-populated\">\n\t\t\t\t\t\t<div class=\"elementor-element elementor-element-aac6f60 elementor-widget elementor-widget-text-editor\" data-id=\"aac6f60\" data-element_type=\"widget\" data-e-type=\"widget\" data-widget_type=\"text-editor.default\">\n\t\t\t\t<div class=\"elementor-widget-container\">\n\t\t\t\t\t\t\t\t\t<p data-start=\"388\" data-end=\"842\">Die Arbeit mit Kindern ist f\u00fcr mich nicht nur ein Beruf, sondern eine Herzensangelegenheit. Jedes Kind bringt seine ganz eigene Pers\u00f6nlichkeit, Geschichte und Bed\u00fcrfnisse mit \u2013 und genau das macht die Arbeit so besonders und vielf\u00e4ltig. In meinem Alltag mit Kindern ist mir ein achtsamer, respektvoller und liebevoller Umgang besonders wichtig. Kinder brauchen stabile Bezugspersonen, die ihnen zuh\u00f6ren, sie ernst nehmen und ihnen auf Augenh\u00f6he begegnen.<\/p><p data-start=\"844\" data-end=\"873\"><strong data-start=\"844\" data-end=\"873\">Grundlegend ist f\u00fcr mich:<\/strong><\/p><ul data-start=\"874\" data-end=\"1341\"><li data-start=\"874\" data-end=\"969\"><p data-start=\"876\" data-end=\"969\">Kinder lernen durch Vorbild. Authentizit\u00e4t, Geduld und eine klare Haltung schaffen Vertrauen.<\/p><\/li><li data-start=\"970\" data-end=\"1093\"><p data-start=\"972\" data-end=\"1093\">Struktur und Rituale geben Sicherheit. Gleichzeitig braucht es genug Raum f\u00fcr Kreativit\u00e4t, Bewegung und freie Entfaltung.<\/p><\/li><li data-start=\"1094\" data-end=\"1224\"><p data-start=\"1096\" data-end=\"1224\">Jedes Kind entwickelt sich in seinem eigenen Tempo. Vergleiche sind \u00fcberfl\u00fcssig \u2013 Verst\u00e4ndnis und Ermutigung sind der Schl\u00fcssel.<\/p><\/li><li data-start=\"1225\" data-end=\"1341\"><p data-start=\"1227\" data-end=\"1341\">Kommunikation ist zentral: Zuh\u00f6ren, klare Sprache und altersgerechte Erkl\u00e4rungen f\u00f6rdern ein gesundes Miteinander.<\/p><\/li><\/ul><p data-start=\"1343\" data-end=\"1372\"><strong data-start=\"1343\" data-end=\"1372\">Meine pers\u00f6nlichen Tipps:<\/strong><\/p><ul data-start=\"1373\" data-end=\"1771\"><li data-start=\"1373\" data-end=\"1475\"><p data-start=\"1375\" data-end=\"1475\">Bleib flexibel. Kinder \u00fcberraschen uns st\u00e4ndig \u2013 wer offen bleibt, kann gemeinsam mit ihnen wachsen.<\/p><\/li><li data-start=\"1476\" data-end=\"1569\"><p data-start=\"1478\" data-end=\"1569\">Nimm Gef\u00fchle ernst \u2013 auch die schwierigen. Sie sind wichtig f\u00fcr die emotionale Entwicklung.<\/p><\/li><li data-start=\"1570\" data-end=\"1673\"><p data-start=\"1572\" data-end=\"1673\">Humor hilft! Gerade in stressigen Momenten kann ein L\u00e4cheln oder ein Perspektivwechsel Wunder wirken.<\/p><\/li><li data-start=\"1674\" data-end=\"1771\"><p data-start=\"1676\" data-end=\"1771\">Sei pr\u00e4sent. Kinder sp\u00fcren sofort, ob wir wirklich bei ihnen sind oder nur k\u00f6rperlich anwesend.<\/p><\/li><\/ul><p data-start=\"1773\" data-end=\"1956\">Ich arbeite mit Herz, Verstand und einer gro\u00dfen Portion Intuition \u2013 und lerne jeden Tag aufs Neue von den Kindern selbst. Es ist ein Geben und Nehmen, das unglaublich bereichernd ist.<\/p>\t\t\t\t\t\t\t\t<\/div>\n\t\t\t\t<\/div>\n\t\t\t\t\t<\/div>\n\t\t<\/div>\n\t\t\t\t\t<\/div>\n\t\t<\/section>\n\t\t\t\t<section class=\"elementor-section elementor-top-section elementor-element elementor-element-dc46322 elementor-section-boxed elementor-section-height-default elementor-section-height-default\" data-id=\"dc46322\" data-element_type=\"section\" data-e-type=\"section\">\n\t\t\t\t\t\t<div class=\"elementor-container elementor-column-gap-default\">\n\t\t\t\t\t<div class=\"elementor-column elementor-col-100 elementor-top-column elementor-element elementor-element-897cb3a\" data-id=\"897cb3a\" data-element_type=\"column\" data-e-type=\"column\">\n\t\t\t<div class=\"elementor-widget-wrap elementor-element-populated\">\n\t\t\t\t\t\t<div class=\"elementor-element elementor-element-95e7539 elementor-widget-divider--separator-type-pattern elementor-widget-divider--no-spacing elementor-widget-divider--view-line elementor-widget elementor-widget-divider\" data-id=\"95e7539\" data-element_type=\"widget\" data-e-type=\"widget\" data-widget_type=\"divider.default\">\n\t\t\t\t<div class=\"elementor-widget-container\">\n\t\t\t\t\t\t\t<div class=\"elementor-divider\" style=\"--divider-pattern-url: url(&quot;data:image\/svg+xml,%3Csvg xmlns=&#039;http:\/\/www.w3.org\/2000\/svg&#039; preserveAspectRatio=&#039;xMidYMid meet&#039; overflow=&#039;visible&#039; height=&#039;100%&#039; viewBox=&#039;0 0 126 26&#039; fill=&#039;black&#039; stroke=&#039;none&#039;%3E%3Cpath d=&#039;M3,10.2c2.6,0,2.6,2,2.6,3.2S4.4,16.5,3,16.5s-3-1.4-3-3.2S0.4,10.2,3,10.2z M18.8,10.2c1.7,0,3.2,1.4,3.2,3.2s-1.4,3.2-3.2,3.2c-1.7,0-3.2-1.4-3.2-3.2S17,10.2,18.8,10.2z M34.6,10.2c1.5,0,2.6,1.4,2.6,3.2s-0.5,3.2-1.9,3.2c-1.5,0-3.4-1.4-3.4-3.2S33.1,10.2,34.6,10.2z M50.5,10.2c1.7,0,3.2,1.4,3.2,3.2s-1.4,3.2-3.2,3.2c-1.7,0-3.3-0.9-3.3-2.6S48.7,10.2,50.5,10.2z M66.2,10.2c1.5,0,3.4,1.4,3.4,3.2s-1.9,3.2-3.4,3.2c-1.5,0-2.6-0.4-2.6-2.1S64.8,10.2,66.2,10.2z M82.2,10.2c1.7,0.8,2.6,1.4,2.6,3.2s-0.1,3.2-1.6,3.2c-1.5,0-3.7-1.4-3.7-3.2S80.5,9.4,82.2,10.2zM98.6,10.2c1.5,0,2.6,0.4,2.6,2.1s-1.2,4.2-2.6,4.2c-1.5,0-3.7-0.4-3.7-2.1S97.1,10.2,98.6,10.2z M113.4,10.2c1.2,0,2.2,0.9,2.2,3.2s-0.1,3.2-1.3,3.2s-3.1-1.4-3.1-3.2S112.2,10.2,113.4,10.2z&#039;\/%3E%3C\/svg%3E&quot;);\">\n\t\t\t<span class=\"elementor-divider-separator\">\n\t\t\t\t\t\t<\/span>\n\t\t<\/div>\n\t\t\t\t\t\t<\/div>\n\t\t\t\t<\/div>\n\t\t\t\t\t<\/div>\n\t\t<\/div>\n\t\t\t\t\t<\/div>\n\t\t<\/section>\n\t\t\t\t<section class=\"elementor-section elementor-top-section elementor-element elementor-element-5c44368 elementor-section-boxed elementor-section-height-default elementor-section-height-default\" data-id=\"5c44368\" data-element_type=\"section\" data-e-type=\"section\">\n\t\t\t\t\t\t<div class=\"elementor-container elementor-column-gap-default\">\n\t\t\t\t\t<div class=\"elementor-column elementor-col-33 elementor-top-column elementor-element elementor-element-bbdd00f\" data-id=\"bbdd00f\" data-element_type=\"column\" data-e-type=\"column\">\n\t\t\t<div class=\"elementor-widget-wrap elementor-element-populated\">\n\t\t\t\t\t\t<div class=\"elementor-element elementor-element-979e9e9 elementor-widget elementor-widget-image\" data-id=\"979e9e9\" data-element_type=\"widget\" data-e-type=\"widget\" data-widget_type=\"image.default\">\n\t\t\t\t<div class=\"elementor-widget-container\">\n\t\t\t\t\t\t\t\t\t\t\t\t\t\t\t<img loading=\"lazy\" decoding=\"async\" width=\"768\" height=\"1024\" src=\"https:\/\/designigel.com\/alegant\/wp-content\/uploads\/sites\/50\/2025\/06\/IMG_2318-2-768x1024.jpg\" class=\"attachment-large size-large wp-image-283\" alt=\"\" srcset=\"https:\/\/designigel.com\/alegant\/wp-content\/uploads\/sites\/50\/2025\/06\/IMG_2318-2-768x1024.jpg 768w, https:\/\/designigel.com\/alegant\/wp-content\/uploads\/sites\/50\/2025\/06\/IMG_2318-2-225x300.jpg 225w, https:\/\/designigel.com\/alegant\/wp-content\/uploads\/sites\/50\/2025\/06\/IMG_2318-2-1152x1536.jpg 1152w, https:\/\/designigel.com\/alegant\/wp-content\/uploads\/sites\/50\/2025\/06\/IMG_2318-2-1536x2048.jpg 1536w, https:\/\/designigel.com\/alegant\/wp-content\/uploads\/sites\/50\/2025\/06\/IMG_2318-2-scaled.jpg 1920w\" sizes=\"(max-width: 768px) 100vw, 768px\" \/>\t\t\t\t\t\t\t\t\t\t\t\t\t\t\t<\/div>\n\t\t\t\t<\/div>\n\t\t\t\t\t<\/div>\n\t\t<\/div>\n\t\t\t\t<div class=\"elementor-column elementor-col-33 elementor-top-column elementor-element elementor-element-e90a382\" data-id=\"e90a382\" data-element_type=\"column\" data-e-type=\"column\">\n\t\t\t<div class=\"elementor-widget-wrap elementor-element-populated\">\n\t\t\t\t\t\t<div class=\"elementor-element elementor-element-f1edf1f elementor-widget elementor-widget-image\" data-id=\"f1edf1f\" data-element_type=\"widget\" data-e-type=\"widget\" data-widget_type=\"image.default\">\n\t\t\t\t<div class=\"elementor-widget-container\">\n\t\t\t\t\t\t\t\t\t\t\t\t\t\t\t<img loading=\"lazy\" decoding=\"async\" width=\"768\" height=\"1024\" src=\"https:\/\/designigel.com\/alegant\/wp-content\/uploads\/sites\/50\/2025\/06\/IMG_2305-2-768x1024.jpg\" class=\"attachment-large size-large wp-image-284\" alt=\"\" srcset=\"https:\/\/designigel.com\/alegant\/wp-content\/uploads\/sites\/50\/2025\/06\/IMG_2305-2-768x1024.jpg 768w, https:\/\/designigel.com\/alegant\/wp-content\/uploads\/sites\/50\/2025\/06\/IMG_2305-2-225x300.jpg 225w, https:\/\/designigel.com\/alegant\/wp-content\/uploads\/sites\/50\/2025\/06\/IMG_2305-2-1152x1536.jpg 1152w, https:\/\/designigel.com\/alegant\/wp-content\/uploads\/sites\/50\/2025\/06\/IMG_2305-2-1536x2048.jpg 1536w, https:\/\/designigel.com\/alegant\/wp-content\/uploads\/sites\/50\/2025\/06\/IMG_2305-2-scaled.jpg 1920w\" sizes=\"(max-width: 768px) 100vw, 768px\" \/>\t\t\t\t\t\t\t\t\t\t\t\t\t\t\t<\/div>\n\t\t\t\t<\/div>\n\t\t\t\t\t<\/div>\n\t\t<\/div>\n\t\t\t\t<div class=\"elementor-column elementor-col-33 elementor-top-column elementor-element elementor-element-b9d178f\" data-id=\"b9d178f\" data-element_type=\"column\" data-e-type=\"column\">\n\t\t\t<div class=\"elementor-widget-wrap elementor-element-populated\">\n\t\t\t\t\t\t<div class=\"elementor-element elementor-element-4e2875e elementor-widget elementor-widget-image\" data-id=\"4e2875e\" data-element_type=\"widget\" data-e-type=\"widget\" data-widget_type=\"image.default\">\n\t\t\t\t<div class=\"elementor-widget-container\">\n\t\t\t\t\t\t\t\t\t\t\t\t\t\t\t<img loading=\"lazy\" decoding=\"async\" width=\"768\" height=\"1024\" src=\"https:\/\/designigel.com\/alegant\/wp-content\/uploads\/sites\/50\/2025\/06\/IMG_2312-2-768x1024.jpg\" class=\"attachment-large size-large wp-image-288\" alt=\"\" srcset=\"https:\/\/designigel.com\/alegant\/wp-content\/uploads\/sites\/50\/2025\/06\/IMG_2312-2-768x1024.jpg 768w, https:\/\/designigel.com\/alegant\/wp-content\/uploads\/sites\/50\/2025\/06\/IMG_2312-2-225x300.jpg 225w, https:\/\/designigel.com\/alegant\/wp-content\/uploads\/sites\/50\/2025\/06\/IMG_2312-2-1152x1536.jpg 1152w, https:\/\/designigel.com\/alegant\/wp-content\/uploads\/sites\/50\/2025\/06\/IMG_2312-2-1536x2048.jpg 1536w, https:\/\/designigel.com\/alegant\/wp-content\/uploads\/sites\/50\/2025\/06\/IMG_2312-2-scaled.jpg 1920w\" sizes=\"(max-width: 768px) 100vw, 768px\" \/>\t\t\t\t\t\t\t\t\t\t\t\t\t\t\t<\/div>\n\t\t\t\t<\/div>\n\t\t\t\t\t<\/div>\n\t\t<\/div>\n\t\t\t\t\t<\/div>\n\t\t<\/section>\n\t\t\t\t<\/div>\n\t\t","protected":false},"excerpt":{"rendered":"<p>Die Arbeit mit Kindern ist f\u00fcr mich nicht nur ein Beruf, sondern eine Herzensangelegenheit. Jedes Kind bringt seine ganz eigene Pers\u00f6nlichkeit, Geschichte und Bed\u00fcrfnisse mit \u2013 und genau das macht die Arbeit so besonders und vielf\u00e4ltig. In meinem Alltag mit Kindern ist mir ein achtsamer, respektvoller und liebevoller Umgang besonders wichtig. Kinder brauchen stabile Bezugspersonen, [&hellip;]<\/p>\n","protected":false},"author":49,"featured_media":0,"parent":0,"menu_order":0,"comment_status":"closed","ping_status":"closed","template":"","meta":{"ocean_post_layout":"","ocean_both_sidebars_style":"","ocean_both_sidebars_content_width":0,"ocean_both_sidebars_sidebars_width":0,"ocean_sidebar":"","ocean_second_sidebar":"","ocean_disable_margins":"enable","ocean_add_body_class":"","ocean_shortcode_before_top_bar":"","ocean_shortcode_after_top_bar":"","ocean_shortcode_before_header":"","ocean_shortcode_after_header":"","ocean_has_shortcode":"","ocean_shortcode_after_title":"","ocean_shortcode_before_footer_widgets":"","ocean_shortcode_after_footer_widgets":"","ocean_shortcode_before_footer_bottom":"","ocean_shortcode_after_footer_bottom":"","ocean_display_top_bar":"default","ocean_display_header":"default","ocean_header_style":"","ocean_center_header_left_menu":"","ocean_custom_header_template":"","ocean_custom_logo":0,"ocean_custom_retina_logo":0,"ocean_custom_logo_max_width":0,"ocean_custom_logo_tablet_max_width":0,"ocean_custom_logo_mobile_max_width":0,"ocean_custom_logo_max_height":0,"ocean_custom_logo_tablet_max_height":0,"ocean_custom_logo_mobile_max_height":0,"ocean_header_custom_menu":"","ocean_menu_typo_font_family":"","ocean_menu_typo_font_subset":"","ocean_menu_typo_font_size":0,"ocean_menu_typo_font_size_tablet":0,"ocean_menu_typo_font_size_mobile":0,"ocean_menu_typo_font_size_unit":"px","ocean_menu_typo_font_weight":"","ocean_menu_typo_font_weight_tablet":"","ocean_menu_typo_font_weight_mobile":"","ocean_menu_typo_transform":"","ocean_menu_typo_transform_tablet":"","ocean_menu_typo_transform_mobile":"","ocean_menu_typo_line_height":0,"ocean_menu_typo_line_height_tablet":0,"ocean_menu_typo_line_height_mobile":0,"ocean_menu_typo_line_height_unit":"","ocean_menu_typo_spacing":0,"ocean_menu_typo_spacing_tablet":0,"ocean_menu_typo_spacing_mobile":0,"ocean_menu_typo_spacing_unit":"","ocean_menu_link_color":"","ocean_menu_link_color_hover":"","ocean_menu_link_color_active":"","ocean_menu_link_background":"","ocean_menu_link_hover_background":"","ocean_menu_link_active_background":"","ocean_menu_social_links_bg":"","ocean_menu_social_hover_links_bg":"","ocean_menu_social_links_color":"","ocean_menu_social_hover_links_color":"","ocean_disable_title":"default","ocean_disable_heading":"default","ocean_post_title":"","ocean_post_subheading":"","ocean_post_title_style":"","ocean_post_title_background_color":"","ocean_post_title_background":0,"ocean_post_title_bg_image_position":"","ocean_post_title_bg_image_attachment":"","ocean_post_title_bg_image_repeat":"","ocean_post_title_bg_image_size":"","ocean_post_title_height":0,"ocean_post_title_bg_overlay":0.5,"ocean_post_title_bg_overlay_color":"","ocean_disable_breadcrumbs":"default","ocean_breadcrumbs_color":"","ocean_breadcrumbs_separator_color":"","ocean_breadcrumbs_links_color":"","ocean_breadcrumbs_links_hover_color":"","ocean_display_footer_widgets":"default","ocean_display_footer_bottom":"default","ocean_custom_footer_template":"","footnotes":""},"class_list":["post-128","page","type-page","status-publish","hentry","entry"],"_links":{"self":[{"href":"https:\/\/designigel.com\/alegant\/wp-json\/wp\/v2\/pages\/128","targetHints":{"allow":["GET"]}}],"collection":[{"href":"https:\/\/designigel.com\/alegant\/wp-json\/wp\/v2\/pages"}],"about":[{"href":"https:\/\/designigel.com\/alegant\/wp-json\/wp\/v2\/types\/page"}],"author":[{"embeddable":true,"href":"https:\/\/designigel.com\/alegant\/wp-json\/wp\/v2\/users\/49"}],"replies":[{"embeddable":true,"href":"https:\/\/designigel.com\/alegant\/wp-json\/wp\/v2\/comments?post=128"}],"version-history":[{"count":36,"href":"https:\/\/designigel.com\/alegant\/wp-json\/wp\/v2\/pages\/128\/revisions"}],"predecessor-version":[{"id":291,"href":"https:\/\/designigel.com\/alegant\/wp-json\/wp\/v2\/pages\/128\/revisions\/291"}],"wp:attachment":[{"href":"https:\/\/designigel.com\/alegant\/wp-json\/wp\/v2\/media?parent=128"}],"curies":[{"name":"wp","href":"https:\/\/api.w.org\/{rel}","templated":true}]}}