{"id":214,"date":"2025-05-29T16:07:34","date_gmt":"2025-05-29T14:07:34","guid":{"rendered":"https:\/\/designigel.com\/caty\/?page_id=214"},"modified":"2025-06-03T03:00:16","modified_gmt":"2025-06-03T01:00:16","slug":"eins","status":"publish","type":"page","link":"https:\/\/designigel.com\/caty\/eins\/","title":{"rendered":"ABOUT ME"},"content":{"rendered":"\t\t<div data-elementor-type=\"wp-page\" data-elementor-id=\"214\" class=\"elementor elementor-214\">\n\t\t\t\t\t\t<section class=\"elementor-section elementor-top-section elementor-element elementor-element-ddf1438 elementor-section-boxed elementor-section-height-default elementor-section-height-default\" data-id=\"ddf1438\" data-element_type=\"section\" data-e-type=\"section\">\n\t\t\t\t\t\t<div class=\"elementor-container elementor-column-gap-default\">\n\t\t\t\t\t<div class=\"elementor-column elementor-col-100 elementor-top-column elementor-element elementor-element-d0c84ab\" data-id=\"d0c84ab\" data-element_type=\"column\" data-e-type=\"column\">\n\t\t\t<div class=\"elementor-widget-wrap elementor-element-populated\">\n\t\t\t\t\t\t<div class=\"elementor-element elementor-element-a598f2a elementor-widget elementor-widget-spacer\" data-id=\"a598f2a\" data-element_type=\"widget\" data-e-type=\"widget\" data-widget_type=\"spacer.default\">\n\t\t\t\t<div class=\"elementor-widget-container\">\n\t\t\t\t\t\t\t<div class=\"elementor-spacer\">\n\t\t\t<div class=\"elementor-spacer-inner\"><\/div>\n\t\t<\/div>\n\t\t\t\t\t\t<\/div>\n\t\t\t\t<\/div>\n\t\t\t\t\t<\/div>\n\t\t<\/div>\n\t\t\t\t\t<\/div>\n\t\t<\/section>\n\t\t\t\t<section class=\"elementor-section elementor-top-section elementor-element elementor-element-bdfd93e elementor-section-boxed elementor-section-height-default elementor-section-height-default\" data-id=\"bdfd93e\" data-element_type=\"section\" data-e-type=\"section\">\n\t\t\t\t\t\t<div class=\"elementor-container elementor-column-gap-default\">\n\t\t\t\t\t<div class=\"elementor-column elementor-col-33 elementor-top-column elementor-element elementor-element-591f273\" data-id=\"591f273\" data-element_type=\"column\" data-e-type=\"column\">\n\t\t\t<div class=\"elementor-widget-wrap elementor-element-populated\">\n\t\t\t\t\t\t<div class=\"elementor-element elementor-element-c856bab elementor-widget elementor-widget-image\" data-id=\"c856bab\" data-element_type=\"widget\" data-e-type=\"widget\" data-widget_type=\"image.default\">\n\t\t\t\t<div class=\"elementor-widget-container\">\n\t\t\t\t\t\t\t\t\t\t\t\t\t\t\t<img fetchpriority=\"high\" decoding=\"async\" width=\"732\" height=\"1024\" src=\"https:\/\/designigel.com\/caty\/wp-content\/uploads\/sites\/55\/2025\/06\/IMG_2358-732x1024.jpg\" class=\"attachment-large size-large wp-image-457\" alt=\"\" srcset=\"https:\/\/designigel.com\/caty\/wp-content\/uploads\/sites\/55\/2025\/06\/IMG_2358-732x1024.jpg 732w, https:\/\/designigel.com\/caty\/wp-content\/uploads\/sites\/55\/2025\/06\/IMG_2358-214x300.jpg 214w, https:\/\/designigel.com\/caty\/wp-content\/uploads\/sites\/55\/2025\/06\/IMG_2358-768x1075.jpg 768w, https:\/\/designigel.com\/caty\/wp-content\/uploads\/sites\/55\/2025\/06\/IMG_2358.jpg 964w\" sizes=\"(max-width: 732px) 100vw, 732px\" \/>\t\t\t\t\t\t\t\t\t\t\t\t\t\t\t<\/div>\n\t\t\t\t<\/div>\n\t\t\t\t\t<\/div>\n\t\t<\/div>\n\t\t\t\t<div class=\"elementor-column elementor-col-33 elementor-top-column elementor-element elementor-element-5fca17d\" data-id=\"5fca17d\" data-element_type=\"column\" data-e-type=\"column\">\n\t\t\t<div class=\"elementor-widget-wrap elementor-element-populated\">\n\t\t\t\t\t\t<div class=\"elementor-element elementor-element-1308e24 elementor-widget elementor-widget-text-editor\" data-id=\"1308e24\" data-element_type=\"widget\" data-e-type=\"widget\" data-widget_type=\"text-editor.default\">\n\t\t\t\t<div class=\"elementor-widget-container\">\n\t\t\t\t\t\t\t\t\t<h3 style=\"font-family: Roboto, sans-serif;font-style: normal;color: #000000;letter-spacing: normal\" data-start=\"141\" data-end=\"153\"><span style=\"font-family: Roboto, sans-serif;font-size: var( --e-global-typography-850f253-font-size );font-style: normal;font-weight: 600\">About Me<\/span><\/h3>\n<p style=\"font-family: Roboto, sans-serif;font-size: 14px;font-style: normal;color: #000000\" data-start=\"155\" data-end=\"232\"><span style=\"font-size: 14px;font-style: normal\">Hey! Ich bin<\/span><span style=\"font-size: 14px;font-style: normal\">&nbsp;<\/span>Caterina Pellegrini<span style=\"font-size: 14px;font-style: normal\">, Sch\u00fclerin, 18 Jahre alt.<\/span><\/p>\n<p style=\"font-family: Roboto, sans-serif;font-size: 14px;font-style: normal;color: #000000\" data-start=\"234\" data-end=\"552\">In meinem Leben dreht sich vieles um&nbsp;<b>Familie,&nbsp;Freunde<\/b>&nbsp;und&nbsp;gemeinsame Erlebnisse&nbsp;\u2013 ich liebe es, Zeit mit Menschen zu verbringen, die mir wichtig sind. Gleichzeitig bin ich super gerne&nbsp;unterwegs:&nbsp;<b>Reisen<\/b>&nbsp;bedeutet f\u00fcr mich, neue Perspektiven kennenzulernen und die Welt mit offenen Augen zu entdecken.<\/p>\n<p style=\"font-family: Roboto, sans-serif;font-size: 14px;font-style: normal;color: #000000\" data-start=\"554\" data-end=\"833\">Ich bin jemand, der nur selten still sitzt \u2013&nbsp;Sport&nbsp;geh\u00f6rt f\u00fcr mich einfach dazu! Ob drau\u00dfen in der&nbsp;<b>Natur<\/b>, mit Musik im Ohr oder im Team: Bewegung bringt mich ins Gleichgewicht. Auch sonst bin ich gerne&nbsp;<b>aktiv<\/b>, probiere Neues aus und genie\u00dfe kleine <b>Abenteuer<\/b> im Alltag.<\/p>\n<p style=\"font-family: Roboto, sans-serif;font-size: 14px;font-style: normal;color: #000000\" data-start=\"835\" data-end=\"904\"><b>Neugierig<\/b>, offen und mit einem L\u00e4cheln unterwegs.<\/p>\t\t\t\t\t\t\t\t<\/div>\n\t\t\t\t<\/div>\n\t\t\t\t\t<\/div>\n\t\t<\/div>\n\t\t\t\t<div class=\"elementor-column elementor-col-33 elementor-top-column elementor-element elementor-element-f40ef59\" data-id=\"f40ef59\" data-element_type=\"column\" data-e-type=\"column\">\n\t\t\t<div class=\"elementor-widget-wrap elementor-element-populated\">\n\t\t\t\t\t\t<div class=\"elementor-element elementor-element-37f696c elementor-widget elementor-widget-image\" data-id=\"37f696c\" data-element_type=\"widget\" data-e-type=\"widget\" data-widget_type=\"image.default\">\n\t\t\t\t<div class=\"elementor-widget-container\">\n\t\t\t\t\t\t\t\t\t\t\t\t\t\t\t<img decoding=\"async\" width=\"731\" height=\"1024\" src=\"https:\/\/designigel.com\/caty\/wp-content\/uploads\/sites\/55\/2025\/06\/IMG_5833-2-731x1024.jpg\" class=\"attachment-large size-large wp-image-419\" alt=\"\" srcset=\"https:\/\/designigel.com\/caty\/wp-content\/uploads\/sites\/55\/2025\/06\/IMG_5833-2-731x1024.jpg 731w, https:\/\/designigel.com\/caty\/wp-content\/uploads\/sites\/55\/2025\/06\/IMG_5833-2-214x300.jpg 214w, https:\/\/designigel.com\/caty\/wp-content\/uploads\/sites\/55\/2025\/06\/IMG_5833-2-768x1076.jpg 768w, https:\/\/designigel.com\/caty\/wp-content\/uploads\/sites\/55\/2025\/06\/IMG_5833-2-1097x1536.jpg 1097w, https:\/\/designigel.com\/caty\/wp-content\/uploads\/sites\/55\/2025\/06\/IMG_5833-2.jpg 1181w\" sizes=\"(max-width: 731px) 100vw, 731px\" \/>\t\t\t\t\t\t\t\t\t\t\t\t\t\t\t<\/div>\n\t\t\t\t<\/div>\n\t\t\t\t\t<\/div>\n\t\t<\/div>\n\t\t\t\t\t<\/div>\n\t\t<\/section>\n\t\t\t\t<section class=\"elementor-section elementor-top-section elementor-element elementor-element-9574f6f elementor-section-boxed elementor-section-height-default elementor-section-height-default\" data-id=\"9574f6f\" data-element_type=\"section\" data-e-type=\"section\">\n\t\t\t\t\t\t<div class=\"elementor-container elementor-column-gap-default\">\n\t\t\t\t\t<div class=\"elementor-column elementor-col-100 elementor-top-column elementor-element elementor-element-cf37c7e\" data-id=\"cf37c7e\" data-element_type=\"column\" data-e-type=\"column\">\n\t\t\t<div class=\"elementor-widget-wrap elementor-element-populated\">\n\t\t\t\t\t\t<div class=\"elementor-element elementor-element-1880c1b elementor-widget elementor-widget-spacer\" data-id=\"1880c1b\" data-element_type=\"widget\" data-e-type=\"widget\" data-widget_type=\"spacer.default\">\n\t\t\t\t<div class=\"elementor-widget-container\">\n\t\t\t\t\t\t\t<div class=\"elementor-spacer\">\n\t\t\t<div class=\"elementor-spacer-inner\"><\/div>\n\t\t<\/div>\n\t\t\t\t\t\t<\/div>\n\t\t\t\t<\/div>\n\t\t\t\t\t<\/div>\n\t\t<\/div>\n\t\t\t\t\t<\/div>\n\t\t<\/section>\n\t\t\t\t<\/div>\n\t\t","protected":false},"excerpt":{"rendered":"<p>About Me Hey! Ich bin&nbsp;Caterina Pellegrini, Sch\u00fclerin, 18 Jahre alt. In meinem Leben dreht sich vieles um&nbsp;Familie,&nbsp;Freunde&nbsp;und&nbsp;gemeinsame Erlebnisse&nbsp;\u2013 ich liebe es, Zeit mit Menschen zu verbringen, die mir wichtig sind. Gleichzeitig bin ich super gerne&nbsp;unterwegs:&nbsp;Reisen&nbsp;bedeutet f\u00fcr mich, neue Perspektiven kennenzulernen und die Welt mit offenen Augen zu entdecken. Ich bin jemand, der nur selten still [&hellip;]<\/p>\n","protected":false},"author":54,"featured_media":0,"parent":0,"menu_order":0,"comment_status":"closed","ping_status":"closed","template":"","meta":{"ocean_post_layout":"","ocean_both_sidebars_style":"","ocean_both_sidebars_content_width":0,"ocean_both_sidebars_sidebars_width":0,"ocean_sidebar":"","ocean_second_sidebar":"","ocean_disable_margins":"enable","ocean_add_body_class":"","ocean_shortcode_before_top_bar":"","ocean_shortcode_after_top_bar":"","ocean_shortcode_before_header":"","ocean_shortcode_after_header":"","ocean_has_shortcode":"","ocean_shortcode_after_title":"","ocean_shortcode_before_footer_widgets":"","ocean_shortcode_after_footer_widgets":"","ocean_shortcode_before_footer_bottom":"","ocean_shortcode_after_footer_bottom":"","ocean_display_top_bar":"default","ocean_display_header":"default","ocean_header_style":"","ocean_center_header_left_menu":"","ocean_custom_header_template":"","ocean_custom_logo":0,"ocean_custom_retina_logo":0,"ocean_custom_logo_max_width":0,"ocean_custom_logo_tablet_max_width":0,"ocean_custom_logo_mobile_max_width":0,"ocean_custom_logo_max_height":0,"ocean_custom_logo_tablet_max_height":0,"ocean_custom_logo_mobile_max_height":0,"ocean_header_custom_menu":"","ocean_menu_typo_font_family":"","ocean_menu_typo_font_subset":"","ocean_menu_typo_font_size":0,"ocean_menu_typo_font_size_tablet":0,"ocean_menu_typo_font_size_mobile":0,"ocean_menu_typo_font_size_unit":"px","ocean_menu_typo_font_weight":"","ocean_menu_typo_font_weight_tablet":"","ocean_menu_typo_font_weight_mobile":"","ocean_menu_typo_transform":"","ocean_menu_typo_transform_tablet":"","ocean_menu_typo_transform_mobile":"","ocean_menu_typo_line_height":0,"ocean_menu_typo_line_height_tablet":0,"ocean_menu_typo_line_height_mobile":0,"ocean_menu_typo_line_height_unit":"","ocean_menu_typo_spacing":0,"ocean_menu_typo_spacing_tablet":0,"ocean_menu_typo_spacing_mobile":0,"ocean_menu_typo_spacing_unit":"","ocean_menu_link_color":"","ocean_menu_link_color_hover":"","ocean_menu_link_color_active":"","ocean_menu_link_background":"","ocean_menu_link_hover_background":"","ocean_menu_link_active_background":"","ocean_menu_social_links_bg":"","ocean_menu_social_hover_links_bg":"","ocean_menu_social_links_color":"","ocean_menu_social_hover_links_color":"","ocean_disable_title":"default","ocean_disable_heading":"default","ocean_post_title":"","ocean_post_subheading":"","ocean_post_title_style":"","ocean_post_title_background_color":"","ocean_post_title_background":0,"ocean_post_title_bg_image_position":"","ocean_post_title_bg_image_attachment":"","ocean_post_title_bg_image_repeat":"","ocean_post_title_bg_image_size":"","ocean_post_title_height":0,"ocean_post_title_bg_overlay":0.5,"ocean_post_title_bg_overlay_color":"","ocean_disable_breadcrumbs":"default","ocean_breadcrumbs_color":"","ocean_breadcrumbs_separator_color":"","ocean_breadcrumbs_links_color":"","ocean_breadcrumbs_links_hover_color":"","ocean_display_footer_widgets":"default","ocean_display_footer_bottom":"default","ocean_custom_footer_template":"","footnotes":""},"class_list":["post-214","page","type-page","status-publish","hentry","entry"],"_links":{"self":[{"href":"https:\/\/designigel.com\/caty\/wp-json\/wp\/v2\/pages\/214","targetHints":{"allow":["GET"]}}],"collection":[{"href":"https:\/\/designigel.com\/caty\/wp-json\/wp\/v2\/pages"}],"about":[{"href":"https:\/\/designigel.com\/caty\/wp-json\/wp\/v2\/types\/page"}],"author":[{"embeddable":true,"href":"https:\/\/designigel.com\/caty\/wp-json\/wp\/v2\/users\/54"}],"replies":[{"embeddable":true,"href":"https:\/\/designigel.com\/caty\/wp-json\/wp\/v2\/comments?post=214"}],"version-history":[{"count":42,"href":"https:\/\/designigel.com\/caty\/wp-json\/wp\/v2\/pages\/214\/revisions"}],"predecessor-version":[{"id":460,"href":"https:\/\/designigel.com\/caty\/wp-json\/wp\/v2\/pages\/214\/revisions\/460"}],"wp:attachment":[{"href":"https:\/\/designigel.com\/caty\/wp-json\/wp\/v2\/media?parent=214"}],"curies":[{"name":"wp","href":"https:\/\/api.w.org\/{rel}","templated":true}]}}